{"id":265,"date":"2022-03-06T20:18:20","date_gmt":"2022-03-06T20:18:20","guid":{"rendered":"https:\/\/eolevoile44.fr\/?page_id=265"},"modified":"2024-02-04T16:48:13","modified_gmt":"2024-02-04T16:48:13","slug":"groupes-seminaires","status":"publish","type":"page","link":"https:\/\/eolevoile44.fr\/?page_id=265","title":{"rendered":"Groupes \/ S\u00e9minaires"},"content":{"rendered":"\n<div class=\"wp-block-cover alignfull is-light\" style=\"padding-top:0px;padding-bottom:0px;min-height:60px;aspect-ratio:unset;\"><span aria-hidden=\"true\" class=\"wp-block-cover__background has-background-dim-80 has-background-dim\" style=\"background-color:#a37c3d\"><\/span><div class=\"wp-block-cover__inner-container is-layout-flow wp-block-cover-is-layout-flow\">\n<p class=\"has-text-align-center has-background-color has-text-color has-large-font-size\" style=\"font-style:normal;font-weight:300;letter-spacing:10px\">GROUPES ET S\u00c9MINAIRES<\/p>\n<\/div><\/div>\n\n\n\n<div class=\"wp-block-cover alignfull\"><span aria-hidden=\"true\" class=\"wp-block-cover__background has-background-dim-0 has-background-dim\"><\/span><img loading=\"lazy\" decoding=\"async\" width=\"1536\" height=\"1092\" sizes=\"auto, (max-width: 799px) 200vw, (max-width: 1536px) 100vw, 1536px\" class=\"wp-block-cover__image-background wp-image-224\" alt=\"\" src=\"https:\/\/eolevoile44.fr\/wp-content\/uploads\/2022\/03\/IMG-1735.jpg\" style=\"object-position:49% 19%\" data-object-fit=\"cover\" data-object-position=\"49% 19%\" srcset=\"https:\/\/eolevoile44.fr\/wp-content\/uploads\/2022\/03\/IMG-1735.jpg 1536w, https:\/\/eolevoile44.fr\/wp-content\/uploads\/2022\/03\/IMG-1735-300x213.jpg 300w, https:\/\/eolevoile44.fr\/wp-content\/uploads\/2022\/03\/IMG-1735-1024x728.jpg 1024w, https:\/\/eolevoile44.fr\/wp-content\/uploads\/2022\/03\/IMG-1735-768x546.jpg 768w, https:\/\/eolevoile44.fr\/wp-content\/uploads\/2022\/03\/IMG-1735-600x427.jpg 600w\" \/><div class=\"wp-block-cover__inner-container is-layout-flow wp-block-cover-is-layout-flow\">\n<p class=\"has-text-align-left has-background-color has-text-color has-small-font-size\" style=\"font-style:normal;font-weight:300\">Eole vous propose de vous retrouver pour un moment de sport et de loisirs entre terre et mer autours des activit\u00e9s suivantes :<\/p>\n\n\n\n<ul style=\"font-style:normal;font-weight:300\" class=\"has-background-color has-text-color has-small-font-size wp-block-list\">\n<li>Sortie en catamaran encadr\u00e9e<\/li>\n\n\n\n<li>Ballade encadr\u00e9e en paddle et Kayak<\/li>\n\n\n\n<li>Jeux de plage : beach volley, molky, palet breton<\/li>\n<\/ul>\n\n\n\n<p><\/p>\n\n\n\n<p class=\"has-text-align-left has-background-color has-text-color\" style=\"font-style:normal;font-weight:300;letter-spacing:3px\">ORGANISONS ENSEMBLE VOTRE EVENEMENT !<\/p>\n\n\n\n<div class=\"wp-block-buttons is-content-justification-space-between is-layout-flex wp-container-core-buttons-is-layout-b2891da8 wp-block-buttons-is-layout-flex\">\n<div class=\"wp-block-button is-style-outline is-style-outline--1\"><a class=\"wp-block-button__link wp-element-button\" href=\"https:\/\/eolevoile44.fr\/?page_id=336\">Demander un devis<\/a><\/div>\n<\/div>\n\n\n\n<p><\/p>\n\n\n\n<div class=\"wp-block-columns are-vertically-aligned-top is-layout-flex wp-container-core-columns-is-layout-3867db5e wp-block-columns-is-layout-flex\" style=\"padding-right:8px\">\n<div class=\"wp-block-column is-vertically-aligned-top is-layout-flow wp-block-column-is-layout-flow\" style=\"--col-width:44.46%;flex-basis:44.46%\">\n<figure class=\"wp-block-image size-large is-style-rounded\"><img loading=\"lazy\" decoding=\"async\" width=\"1024\" height=\"485\" src=\"https:\/\/eolevoile44.fr\/wp-content\/uploads\/2022\/02\/facade-1024x485.jpg\" alt=\"\" class=\"wp-image-131\" srcset=\"https:\/\/eolevoile44.fr\/wp-content\/uploads\/2022\/02\/facade-1024x485.jpg 1024w, https:\/\/eolevoile44.fr\/wp-content\/uploads\/2022\/02\/facade-300x142.jpg 300w, https:\/\/eolevoile44.fr\/wp-content\/uploads\/2022\/02\/facade-768x364.jpg 768w, https:\/\/eolevoile44.fr\/wp-content\/uploads\/2022\/02\/facade-1536x728.jpg 1536w, https:\/\/eolevoile44.fr\/wp-content\/uploads\/2022\/02\/facade-600x284.jpg 600w, https:\/\/eolevoile44.fr\/wp-content\/uploads\/2022\/02\/facade.jpg 2048w\" sizes=\"auto, (max-width: 1024px) 100vw, 1024px\" \/><\/figure>\n\n\n\n<p><\/p>\n\n\n\n<p class=\"has-small-font-size\" style=\"font-style:normal;font-weight:300\"><em>L\u2019\u00e9cole de voile \u00e9tant accol\u00e9e au bar restaurant Le Tibidabo, vous pourrez vous rafra\u00eechir en convivialit\u00e9 sur la terrasse et profiter du cadre privil\u00e9gi\u00e9 de la plage de Sainte-Marguerite<\/em>.<\/p>\n\n\n\n<figure class=\"wp-block-image aligncenter size-thumbnail is-resized is-style-rounded\"><img loading=\"lazy\" decoding=\"async\" width=\"150\" height=\"150\" src=\"https:\/\/eolevoile44.fr\/wp-content\/uploads\/2022\/03\/69905205_1611279465675339_5845394152769978368_n-150x150.jpg\" alt=\"\" class=\"wp-image-267\" style=\"width:180px;height:180px\" srcset=\"https:\/\/eolevoile44.fr\/wp-content\/uploads\/2022\/03\/69905205_1611279465675339_5845394152769978368_n-150x150.jpg 150w, https:\/\/eolevoile44.fr\/wp-content\/uploads\/2022\/03\/69905205_1611279465675339_5845394152769978368_n-450x450.jpg 450w, https:\/\/eolevoile44.fr\/wp-content\/uploads\/2022\/03\/69905205_1611279465675339_5845394152769978368_n-100x100.jpg 100w\" sizes=\"auto, (max-width: 150px) 100vw, 150px\" \/><\/figure>\n<\/div>\n\n\n\n<div class=\"wp-block-column is-vertically-aligned-top is-layout-flow wp-block-column-is-layout-flow\" style=\"--col-width:58%;flex-basis:58%\">\n<div class=\"wp-block-buttons is-content-justification-space-between is-layout-flex wp-container-core-buttons-is-layout-2eb6dc02 wp-block-buttons-is-layout-flex\"><\/div>\n\n\n\n<p><\/p>\n\n\n\n<p><\/p>\n<\/div>\n\n\n\n<div class=\"wp-block-column is-layout-flow wp-block-column-is-layout-flow\" style=\"--col-width:33.33%;flex-basis:33.33%\"><\/div>\n<\/div>\n<\/div><\/div>\n","protected":false},"excerpt":{"rendered":"","protected":false},"author":1,"featured_media":0,"parent":0,"menu_order":0,"comment_status":"closed","ping_status":"closed","template":"","meta":{"tteo2020_transparent_header":false,"om_disable_all_campaigns":false,"_monsterinsights_skip_tracking":false,"_monsterinsights_sitenote_active":false,"_monsterinsights_sitenote_note":"","_monsterinsights_sitenote_category":0,"footnotes":""},"class_list":["post-265","page","type-page","status-publish","hentry"],"aioseo_notices":[],"_links":{"self":[{"href":"https:\/\/eolevoile44.fr\/index.php?rest_route=\/wp\/v2\/pages\/265","targetHints":{"allow":["GET"]}}],"collection":[{"href":"https:\/\/eolevoile44.fr\/index.php?rest_route=\/wp\/v2\/pages"}],"about":[{"href":"https:\/\/eolevoile44.fr\/index.php?rest_route=\/wp\/v2\/types\/page"}],"author":[{"embeddable":true,"href":"https:\/\/eolevoile44.fr\/index.php?rest_route=\/wp\/v2\/users\/1"}],"replies":[{"embeddable":true,"href":"https:\/\/eolevoile44.fr\/index.php?rest_route=%2Fwp%2Fv2%2Fcomments&post=265"}],"version-history":[{"count":26,"href":"https:\/\/eolevoile44.fr\/index.php?rest_route=\/wp\/v2\/pages\/265\/revisions"}],"predecessor-version":[{"id":1741,"href":"https:\/\/eolevoile44.fr\/index.php?rest_route=\/wp\/v2\/pages\/265\/revisions\/1741"}],"wp:attachment":[{"href":"https:\/\/eolevoile44.fr\/index.php?rest_route=%2Fwp%2Fv2%2Fmedia&parent=265"}],"curies":[{"name":"wp","href":"https:\/\/api.w.org\/{rel}","templated":true}]}}