{"id":60,"date":"2022-02-20T15:59:54","date_gmt":"2022-02-20T15:59:54","guid":{"rendered":"https:\/\/eolevoile44.fr\/?page_id=60"},"modified":"2022-06-09T14:40:48","modified_gmt":"2022-06-09T14:40:48","slug":"location","status":"publish","type":"page","link":"https:\/\/eolevoile44.fr\/?page_id=60","title":{"rendered":"Location de kayak, paddle, et catamaran"},"content":{"rendered":"\n<div class=\"wp-block-cover alignfull is-light\" style=\"padding-top:0px;padding-bottom:0px;min-height:60px;aspect-ratio:unset;\"><span aria-hidden=\"true\" class=\"wp-block-cover__background has-background-dim-80 has-background-dim\" style=\"background-color:#a37c3d\"><\/span><div class=\"wp-block-cover__inner-container is-layout-flow wp-block-cover-is-layout-flow\">\n<p class=\"has-text-align-center has-background-color has-text-color has-large-font-size\" style=\"font-style:normal;font-weight:300;letter-spacing:10px\">LOCATION PADDLE\/KAYAK <\/p>\n<\/div><\/div>\n\n\n\n<div class=\"wp-block-cover alignfull is-light has-parallax\" style=\"background-image:url(https:\/\/eolevoile44.fr\/wp-content\/uploads\/2022\/03\/IMG-1735-1-e1646340821801.jpg);min-height:444px;aspect-ratio:unset;\"><span aria-hidden=\"true\" class=\"wp-block-cover__background has-background-dim-0 has-background-dim\"><\/span><div class=\"wp-block-cover__inner-container is-layout-flow wp-block-cover-is-layout-flow\">\n<p class=\"has-text-align-center tw-mt-0 tw-mb-0 has-background-color has-text-color has-small-font-size\" style=\"font-style:normal;font-weight:300\"><em>En famille ou entre ami.e.s, faites le plein de sensation et partez \u00e0 la d\u00e9couverte d\u2019un paysage unique ! <\/em><\/p>\n\n\n\n<p class=\"has-text-align-center tw-mb-6 has-background-color has-text-color has-small-font-size\" style=\"font-style:normal;font-weight:300\"><em>Profitez pleinement de la plage de Sainte-Marguerite et de son plan d\u2019eau, en kayak ou en paddle, seul ou en bin\u00f4me.<\/em><\/p>\n\n\n\n<p class=\"has-text-align-center tw-mb-0 has-background-color has-text-color has-small-font-size\" style=\"font-style:normal;font-weight:400;letter-spacing:2px\">R\u00e9servez par t\u00e9l\u00e9phone au <strong>02 51 73 25 25<\/strong><\/p>\n\n\n\n<p class=\"has-text-align-center tw-mb-6 has-background-color has-text-color has-small-font-size\" style=\"font-style:normal;font-weight:300;letter-spacing:2px\">\/!\\ Merci de nous pr\u00e9venir en cas d&rsquo;annulation \/!\\<\/p>\n\n\n\n<p class=\"has-text-align-center tw-mb-0 has-background-color has-text-color has-small-font-size\" style=\"font-style:normal;font-weight:400;letter-spacing:2px\">HORS ET DURANT LA SAISON ESTIVALE<\/p>\n\n\n\n<p class=\"has-text-align-center tw-mb-6 has-background-color has-text-color has-small-font-size\" style=\"font-style:normal;font-weight:300\">Tous les jours de 9h \u00e0 18h (dernier d\u00e9part) \/ le week-end de 10h \u00e0 18h (dernier d\u00e9part)<\/p>\n\n\n\n<p class=\"has-text-align-center has-background-color has-text-color has-small-font-size\" style=\"font-style:normal;font-weight:300\">~ Pour toute location, une caution est demand\u00e9e ~<\/p>\n\n\n\n<p class=\"has-text-align-center has-background-color has-text-color has-small-font-size\" style=\"font-style:normal;font-weight:300\">~ <strong> Autorisation parentale<\/strong> obligatoire pour les mineurs ~<\/p>\n\n\n\n<div class=\"wp-block-columns is-layout-flex wp-container-core-columns-is-layout-d0b3c9c8 wp-block-columns-is-layout-flex\">\n<div class=\"wp-block-column is-vertically-aligned-center is-layout-flow wp-block-column-is-layout-flow\" style=\"--col-width:;padding-top:80px;padding-right:80px;padding-bottom:80px;padding-left:80px\">\n<figure class=\"wp-block-image aligncenter size-medium is-style-default\"><img loading=\"lazy\" decoding=\"async\" width=\"300\" height=\"169\" sizes=\"auto, (max-width: 799px) 200vw, (max-width: 1025px) 100vw, 1025px\" src=\"https:\/\/eolevoile44.fr\/wp-content\/uploads\/2022\/03\/bic-sport-bic-kayak-bilbao.jpg-copie-300x169.png\" alt=\"\" class=\"wp-image-257\" srcset=\"https:\/\/eolevoile44.fr\/wp-content\/uploads\/2022\/03\/bic-sport-bic-kayak-bilbao.jpg-copie-300x169.png 300w, https:\/\/eolevoile44.fr\/wp-content\/uploads\/2022\/03\/bic-sport-bic-kayak-bilbao.jpg-copie-768x433.png 768w, https:\/\/eolevoile44.fr\/wp-content\/uploads\/2022\/03\/bic-sport-bic-kayak-bilbao.jpg-copie-600x338.png 600w, https:\/\/eolevoile44.fr\/wp-content\/uploads\/2022\/03\/bic-sport-bic-kayak-bilbao.jpg-copie.png 934w\" \/><\/figure>\n\n\n\n<p class=\"has-text-align-center has-background-color has-text-color has-small-font-size\" style=\"font-style:normal;font-weight:300\"><strong>Kayak simple<\/strong> 1h : 15 \u20ac \/ <strong>Kayak Double<\/strong> 1h : 20 \u20ac<\/p>\n<\/div>\n\n\n\n<div style=\"--col-width:;\" class=\"wp-block-column is-layout-flow wp-block-column-is-layout-flow\">\n<figure class=\"wp-block-image aligncenter size-medium is-resized\"><img loading=\"lazy\" decoding=\"async\" src=\"https:\/\/eolevoile44.fr\/wp-content\/uploads\/2022\/03\/Unknown-copie-181x300.png\" alt=\"\" class=\"wp-image-258\" width=\"164\" height=\"272\" srcset=\"https:\/\/eolevoile44.fr\/wp-content\/uploads\/2022\/03\/Unknown-copie-181x300.png 181w, https:\/\/eolevoile44.fr\/wp-content\/uploads\/2022\/03\/Unknown-copie-600x993.png 600w, https:\/\/eolevoile44.fr\/wp-content\/uploads\/2022\/03\/Unknown-copie.png 604w\" sizes=\"auto, (max-width: 164px) 100vw, 164px\" \/><\/figure>\n\n\n\n<p class=\"has-text-align-center has-background-color has-text-color has-small-font-size\" style=\"font-style:normal;font-weight:300\"><strong>Paddle simple<\/strong> 1h : 15 \u20ac \/ <strong>Paddle double<\/strong> 1h : 20 \u20ac<\/p>\n\n\n\n<p class=\"has-text-align-center has-background-color has-text-color has-small-font-size\" style=\"font-style:normal;font-weight:300\"><strong>Paddle XL<\/strong> (8 pers) : 1h : 10 \u20ac par pers \/ \u00e0 partir de 6 pers : 50 \u20ac<\/p>\n<\/div>\n<\/div>\n<\/div><\/div>\n\n\n\n<div class=\"wp-block-cover alignfull is-light is-style-default\" style=\"padding-top:0px;padding-bottom:0px;min-height:60px;aspect-ratio:unset;\"><span aria-hidden=\"true\" class=\"wp-block-cover__background has-background-dim-80 has-background-dim\" style=\"background-color:#a37c3d\"><\/span><div class=\"wp-block-cover__inner-container is-layout-flow wp-block-cover-is-layout-flow\">\n<p class=\"has-text-align-center has-background-color has-text-color has-large-font-size\" style=\"font-style:normal;font-weight:300;letter-spacing:10px\">LOCATION VOILE<\/p>\n<\/div><\/div>\n\n\n\n<div class=\"wp-block-cover alignfull is-light has-parallax\" style=\"background-image:url(https:\/\/eolevoile44.fr\/wp-content\/uploads\/2022\/03\/IMG-1735-1-e1646340821801.jpg)\"><span aria-hidden=\"true\" class=\"wp-block-cover__background has-background-dim-0 has-background-dim\"><\/span><div class=\"wp-block-cover__inner-container is-layout-flow wp-block-cover-is-layout-flow\">\n<p class=\"has-text-align-center has-background-color has-text-color has-small-font-size\" style=\"font-style:normal;font-weight:400;letter-spacing:2px\">Le responsable technique qualifi\u00e9 se r\u00e9serve le droit de refuser une location en cas de niveau technique insuffisant.<\/p>\n\n\n\n<p class=\"has-text-align-center tw-mb-7 has-background-color has-text-color has-small-font-size\" style=\"font-style:normal;font-weight:300\"><em>Pour plus d&rsquo;informations, l&rsquo;\u00e9quipe reste \u00e0 votre disposition<\/em>.<\/p>\n\n\n\n<p class=\"has-text-align-center has-background-color has-text-color has-small-font-size\" style=\"font-style:normal;font-weight:400\">HORS SAISON ESTIVALE<\/p>\n\n\n\n<p class=\"has-text-align-center has-background-color has-text-color has-small-font-size\" style=\"font-style:normal;font-weight:300\">du lundi au vendredi de 9h \u00e0 18h (dernier d\u00e9part) \/ le week-end de 10h \u00e0 18h (dernier d\u00e9part)<\/p>\n\n\n\n<p class=\"has-text-align-center has-background-color has-text-color has-small-font-size\" style=\"font-style:normal;font-weight:400\"><br>DURANT LA SAISON ESTIVALE<\/p>\n\n\n\n<p class=\"has-text-align-center tw-mb-4 has-background-color has-text-color has-small-font-size\" style=\"font-style:normal;font-weight:300\">du lundi au vendredi de 16h \u00e0 18h (dernier d\u00e9part) \/ le week-end de 10h \u00e0 18h (dernier d\u00e9part)<\/p>\n\n\n\n<p class=\"has-text-align-center tw-mt-0 has-background-color has-text-color has-small-font-size\" style=\"font-style:normal;font-weight:300\">~ <strong>Autorisation parentale<\/strong> obligatoire pour les mineurs ~<\/p>\n\n\n\n<div class=\"wp-block-columns is-layout-flex wp-container-core-columns-is-layout-d0b3c9c8 wp-block-columns-is-layout-flex\">\n<div class=\"wp-block-column is-layout-flow wp-block-column-is-layout-flow\">\n<figure class=\"wp-block-image aligncenter size-thumbnail is-style-rounded\"><img loading=\"lazy\" decoding=\"async\" width=\"150\" height=\"150\" sizes=\"auto, (max-width: 799px) 200vw, (max-width: 1025px) 100vw, 1025px\" src=\"https:\/\/eolevoile44.fr\/wp-content\/uploads\/2022\/06\/0BFB10FB-9942-4623-A13C-E5FE4A6CDB2E-1-edited-150x150.jpg\" alt=\"\" class=\"wp-image-895\" srcset=\"https:\/\/eolevoile44.fr\/wp-content\/uploads\/2022\/06\/0BFB10FB-9942-4623-A13C-E5FE4A6CDB2E-1-edited-150x150.jpg 150w, https:\/\/eolevoile44.fr\/wp-content\/uploads\/2022\/06\/0BFB10FB-9942-4623-A13C-E5FE4A6CDB2E-1-edited-300x300.jpg 300w, https:\/\/eolevoile44.fr\/wp-content\/uploads\/2022\/06\/0BFB10FB-9942-4623-A13C-E5FE4A6CDB2E-1-edited-1022x1024.jpg 1022w, https:\/\/eolevoile44.fr\/wp-content\/uploads\/2022\/06\/0BFB10FB-9942-4623-A13C-E5FE4A6CDB2E-1-edited-768x770.jpg 768w, https:\/\/eolevoile44.fr\/wp-content\/uploads\/2022\/06\/0BFB10FB-9942-4623-A13C-E5FE4A6CDB2E-1-edited-1532x1536.jpg 1532w, https:\/\/eolevoile44.fr\/wp-content\/uploads\/2022\/06\/0BFB10FB-9942-4623-A13C-E5FE4A6CDB2E-1-edited-2043x2048.jpg 2043w, https:\/\/eolevoile44.fr\/wp-content\/uploads\/2022\/06\/0BFB10FB-9942-4623-A13C-E5FE4A6CDB2E-1-edited-450x450.jpg 450w, https:\/\/eolevoile44.fr\/wp-content\/uploads\/2022\/06\/0BFB10FB-9942-4623-A13C-E5FE4A6CDB2E-1-edited-600x601.jpg 600w, https:\/\/eolevoile44.fr\/wp-content\/uploads\/2022\/06\/0BFB10FB-9942-4623-A13C-E5FE4A6CDB2E-1-edited-100x100.jpg 100w\" \/><\/figure>\n\n\n\n<p class=\"has-text-align-center has-background-color has-text-color has-medium-font-size\" style=\"font-style:normal;font-weight:300;letter-spacing:2px\">CATAMARAN DRAGOON<\/p>\n\n\n\n<p class=\"has-text-align-center has-background-color has-text-color has-small-font-size\" style=\"font-style:normal;font-weight:300\">2 personnes Maximum<\/p>\n\n\n\n<p class=\"has-text-align-center has-background-color has-text-color has-small-font-size\" style=\"font-style:normal;font-weight:300\">1h : 35 \u20ac<\/p>\n\n\n\n<p class=\"has-text-align-center has-background-color has-text-color has-small-font-size\" style=\"font-style:normal;font-weight:300\">5 x 1h : 150 \u20ac<\/p>\n<\/div>\n\n\n\n<div class=\"wp-block-column is-layout-flow wp-block-column-is-layout-flow\">\n<figure class=\"wp-block-image aligncenter size-thumbnail is-style-rounded\"><img loading=\"lazy\" decoding=\"async\" width=\"150\" height=\"150\" src=\"https:\/\/eolevoile44.fr\/wp-content\/uploads\/2022\/02\/plancheavoile-1-edited-150x150.jpg\" alt=\"\" class=\"wp-image-77\" srcset=\"https:\/\/eolevoile44.fr\/wp-content\/uploads\/2022\/02\/plancheavoile-1-edited-150x150.jpg 150w, https:\/\/eolevoile44.fr\/wp-content\/uploads\/2022\/02\/plancheavoile-1-edited-300x300.jpg 300w, https:\/\/eolevoile44.fr\/wp-content\/uploads\/2022\/02\/plancheavoile-1-edited-1024x1024.jpg 1024w, https:\/\/eolevoile44.fr\/wp-content\/uploads\/2022\/02\/plancheavoile-1-edited-768x769.jpg 768w, https:\/\/eolevoile44.fr\/wp-content\/uploads\/2022\/02\/plancheavoile-1-edited-450x450.jpg 450w, https:\/\/eolevoile44.fr\/wp-content\/uploads\/2022\/02\/plancheavoile-1-edited-600x600.jpg 600w, https:\/\/eolevoile44.fr\/wp-content\/uploads\/2022\/02\/plancheavoile-1-edited-100x100.jpg 100w, https:\/\/eolevoile44.fr\/wp-content\/uploads\/2022\/02\/plancheavoile-1-edited.jpg 1536w\" sizes=\"auto, (max-width: 150px) 100vw, 150px\" \/><\/figure>\n\n\n\n<p class=\"has-text-align-center has-background-color has-text-color has-medium-font-size\" style=\"font-style:normal;font-weight:300;letter-spacing:2px\">PLANCHE \u00c0 VOILE<\/p>\n\n\n\n<p class=\"has-text-align-center has-background-color has-text-color has-small-font-size\" style=\"font-style:normal;font-weight:300\">1h : 30 \u20ac<\/p>\n\n\n\n<p class=\"has-text-align-center has-background-color has-text-color has-small-font-size\" style=\"font-style:normal;font-weight:300\">5 x 1h : 130 \u20ac<\/p>\n<\/div>\n\n\n\n<div class=\"wp-block-column is-layout-flow wp-block-column-is-layout-flow\">\n<figure class=\"wp-block-image aligncenter size-thumbnail is-style-rounded\"><img loading=\"lazy\" decoding=\"async\" width=\"150\" height=\"150\" src=\"https:\/\/eolevoile44.fr\/wp-content\/uploads\/2022\/05\/18-CP-HC16-zoom-150x150.jpg\" alt=\"\" class=\"wp-image-823\" srcset=\"https:\/\/eolevoile44.fr\/wp-content\/uploads\/2022\/05\/18-CP-HC16-zoom-150x150.jpg 150w, https:\/\/eolevoile44.fr\/wp-content\/uploads\/2022\/05\/18-CP-HC16-zoom-450x450.jpg 450w, https:\/\/eolevoile44.fr\/wp-content\/uploads\/2022\/05\/18-CP-HC16-zoom-100x100.jpg 100w\" sizes=\"auto, (max-width: 150px) 100vw, 150px\" \/><\/figure>\n\n\n\n<p class=\"has-text-align-center has-background-color has-text-color has-medium-font-size\" style=\"font-style:normal;font-weight:300;letter-spacing:2px\">CATAMARAN HOBIE CAT 16<\/p>\n\n\n\n<p class=\"has-text-align-center has-background-color has-text-color has-small-font-size\" style=\"font-style:normal;font-weight:300\">3 personnes Maximum<\/p>\n\n\n\n<p class=\"has-text-align-center has-background-color has-text-color has-small-font-size\" style=\"font-style:normal;font-weight:300\">1h : 40 \u20ac<\/p>\n\n\n\n<p class=\"has-text-align-center has-background-color has-text-color has-small-font-size\" style=\"font-style:normal;font-weight:300\">5 x 1h : 180 \u20ac<\/p>\n<\/div>\n<\/div>\n\n\n\n<figure class=\"wp-block-image aligncenter size-large tw-mt-8 is-style-tw-rounded-corners\"><img loading=\"lazy\" decoding=\"async\" width=\"725\" height=\"1024\" src=\"https:\/\/eolevoile44.fr\/wp-content\/uploads\/2022\/05\/CGV-location_page-0001-1-725x1024.jpg\" alt=\"\" class=\"wp-image-754\" srcset=\"https:\/\/eolevoile44.fr\/wp-content\/uploads\/2022\/05\/CGV-location_page-0001-1-725x1024.jpg 725w, https:\/\/eolevoile44.fr\/wp-content\/uploads\/2022\/05\/CGV-location_page-0001-1-212x300.jpg 212w, https:\/\/eolevoile44.fr\/wp-content\/uploads\/2022\/05\/CGV-location_page-0001-1-768x1085.jpg 768w, https:\/\/eolevoile44.fr\/wp-content\/uploads\/2022\/05\/CGV-location_page-0001-1-1087x1536.jpg 1087w, https:\/\/eolevoile44.fr\/wp-content\/uploads\/2022\/05\/CGV-location_page-0001-1-600x848.jpg 600w, https:\/\/eolevoile44.fr\/wp-content\/uploads\/2022\/05\/CGV-location_page-0001-1.jpg 1241w\" sizes=\"auto, (max-width: 725px) 100vw, 725px\" \/><\/figure>\n<\/div><\/div>\n\n\n\n<p><\/p>\n","protected":false},"excerpt":{"rendered":"","protected":false},"author":1,"featured_media":0,"parent":0,"menu_order":0,"comment_status":"closed","ping_status":"closed","template":"","meta":{"tteo2020_transparent_header":false,"om_disable_all_campaigns":false,"_monsterinsights_skip_tracking":false,"_monsterinsights_sitenote_active":false,"_monsterinsights_sitenote_note":"","_monsterinsights_sitenote_category":0,"footnotes":""},"class_list":["post-60","page","type-page","status-publish","hentry"],"aioseo_notices":[],"_links":{"self":[{"href":"https:\/\/eolevoile44.fr\/index.php?rest_route=\/wp\/v2\/pages\/60","targetHints":{"allow":["GET"]}}],"collection":[{"href":"https:\/\/eolevoile44.fr\/index.php?rest_route=\/wp\/v2\/pages"}],"about":[{"href":"https:\/\/eolevoile44.fr\/index.php?rest_route=\/wp\/v2\/types\/page"}],"author":[{"embeddable":true,"href":"https:\/\/eolevoile44.fr\/index.php?rest_route=\/wp\/v2\/users\/1"}],"replies":[{"embeddable":true,"href":"https:\/\/eolevoile44.fr\/index.php?rest_route=%2Fwp%2Fv2%2Fcomments&post=60"}],"version-history":[{"count":28,"href":"https:\/\/eolevoile44.fr\/index.php?rest_route=\/wp\/v2\/pages\/60\/revisions"}],"predecessor-version":[{"id":898,"href":"https:\/\/eolevoile44.fr\/index.php?rest_route=\/wp\/v2\/pages\/60\/revisions\/898"}],"wp:attachment":[{"href":"https:\/\/eolevoile44.fr\/index.php?rest_route=%2Fwp%2Fv2%2Fmedia&parent=60"}],"curies":[{"name":"wp","href":"https:\/\/api.w.org\/{rel}","templated":true}]}}